{"id":113,"date":"2026-03-24T21:47:05","date_gmt":"2026-03-24T21:47:05","guid":{"rendered":"https:\/\/motech.pl\/?page_id=113"},"modified":"2026-03-24T22:21:12","modified_gmt":"2026-03-24T22:21:12","slug":"o-nas","status":"publish","type":"page","link":"https:\/\/motech.pl\/","title":{"rendered":"O nas"},"content":{"rendered":"\n<p><strong>MOTECH<\/strong> to firma dzia\u0142aj\u0105ca w bran\u017cy metalowej i przemys\u0142owej, specjalizuj\u0105ca si\u0119 w kompleksowej obs\u0142udze proces\u00f3w produkcyjnych oraz realizacji konstrukcji i element\u00f3w stalowych oferuj\u0105c us\u0142ugi zar\u00f3wno dla klient\u00f3w indywidualnych, jak i przemys\u0142u.<\/p>\n\n\n\n<h3 class=\"wp-block-heading\">Zakres dzia\u0142alno\u015bci<\/h3>\n\n\n\n<p>MOTECH oferuje szeroki zakres us\u0142ug technicznych i produkcyjnych:<\/p>\n\n\n\n<ul class=\"wp-block-list\">\n<li>obr\u00f3bka mechaniczna element\u00f3w metalowych<\/li>\n\n\n\n<li>produkcja wyrob\u00f3w metalowych i konstrukcji<\/li>\n\n\n\n<li>naprawa i konserwacja maszyn przemys\u0142owych<\/li>\n\n\n\n<li>monta\u017c i instalacja maszyn oraz urz\u0105dze\u0144<\/li>\n\n\n\n<li>wsparcie in\u017cynieryjne i doradztwo techniczne<\/li>\n<\/ul>\n\n\n\n<p>Dzia\u0142alno\u015b\u0107 firmy obejmuje zar\u00f3wno realizacj\u0119 pojedynczych zlece\u0144, jak i d\u0142ugofalow\u0105 wsp\u00f3\u0142prac\u0119 w zakresie utrzymania ruchu oraz wsparcia produkcji.<\/p>\n\n\n\n<p>Stawiamy na:<\/p>\n\n\n\n<ul class=\"wp-block-list\">\n<li>solidno\u015b\u0107 wykonania<\/li>\n\n\n\n<li>prostot\u0119 i funkcjonalno\u015b\u0107 rozwi\u0105za\u0144<\/li>\n\n\n\n<li>terminowo\u015b\u0107<\/li>\n\n\n\n<li>indywidualne podej\u015bcie do klienta<\/li>\n<\/ul>\n\n\n\n<p>Naszym celem jest dostarczanie sprawdzonych i trwa\u0142ych rozwi\u0105za\u0144 dla przemys\u0142u \u2013 od projektu, przez wykonanie, a\u017c po wdro\u017cenie i serwis.<\/p>\n","protected":false},"excerpt":{"rendered":"<p>MOTECH to firma dzia\u0142aj\u0105ca w bran\u017cy metalowej i przemys\u0142owej, specjalizuj\u0105ca si\u0119 w kompleksowej obs\u0142udze proces\u00f3w produkcyjnych oraz realizacji konstrukcji i element\u00f3w stalowych oferuj\u0105c us\u0142ugi zar\u00f3wno dla klient\u00f3w indywidualnych, jak i przemys\u0142u. Zakres dzia\u0142alno\u015bci MOTECH oferuje szeroki zakres us\u0142ug technicznych i produkcyjnych: Dzia\u0142alno\u015b\u0107 firmy obejmuje zar\u00f3wno realizacj\u0119 pojedynczych zlece\u0144, jak i d\u0142ugofalow\u0105 wsp\u00f3\u0142prac\u0119 w zakresie utrzymania [&hellip;]<\/p>\n","protected":false},"author":1,"featured_media":0,"parent":0,"menu_order":0,"comment_status":"closed","ping_status":"closed","template":"","meta":{"footnotes":""},"class_list":["post-113","page","type-page","status-publish","hentry"],"_links":{"self":[{"href":"https:\/\/motech.pl\/index.php\/wp-json\/wp\/v2\/pages\/113","targetHints":{"allow":["GET"]}}],"collection":[{"href":"https:\/\/motech.pl\/index.php\/wp-json\/wp\/v2\/pages"}],"about":[{"href":"https:\/\/motech.pl\/index.php\/wp-json\/wp\/v2\/types\/page"}],"author":[{"embeddable":true,"href":"https:\/\/motech.pl\/index.php\/wp-json\/wp\/v2\/users\/1"}],"replies":[{"embeddable":true,"href":"https:\/\/motech.pl\/index.php\/wp-json\/wp\/v2\/comments?post=113"}],"version-history":[{"count":3,"href":"https:\/\/motech.pl\/index.php\/wp-json\/wp\/v2\/pages\/113\/revisions"}],"predecessor-version":[{"id":130,"href":"https:\/\/motech.pl\/index.php\/wp-json\/wp\/v2\/pages\/113\/revisions\/130"}],"wp:attachment":[{"href":"https:\/\/motech.pl\/index.php\/wp-json\/wp\/v2\/media?parent=113"}],"curies":[{"name":"wp","href":"https:\/\/api.w.org\/{rel}","templated":true}]}}